{"id":1624,"date":"2015-06-01T18:10:14","date_gmt":"2015-06-01T18:10:14","guid":{"rendered":"https:\/\/judicialconductboardofpa.org\/inicio\/"},"modified":"2024-10-15T18:32:17","modified_gmt":"2024-10-15T18:32:17","slug":"inicio","status":"publish","type":"page","link":"https:\/\/judicialconductboardofpa.org\/es\/","title":{"rendered":"Inicio"},"content":{"rendered":"<p style=\"text-align: center;\"><img loading=\"lazy\" decoding=\"async\" class=\"aligncenter size-full wp-image-428\" src=\"http:\/\/s211828.instanturl.net\/judicialconductboardofpa.org\/wp-content\/uploads\/PJC-Font-Closeup-Nighttime_cropped.jpg\" alt=\"PJC Font Closeup Nighttime_cropped\" width=\"1080\" height=\"389\" srcset=\"https:\/\/judicialconductboardofpa.org\/wp-content\/uploads\/PJC-Font-Closeup-Nighttime_cropped.jpg 1080w, https:\/\/judicialconductboardofpa.org\/wp-content\/uploads\/PJC-Font-Closeup-Nighttime_cropped-300x108.jpg 300w, https:\/\/judicialconductboardofpa.org\/wp-content\/uploads\/PJC-Font-Closeup-Nighttime_cropped-1024x369.jpg 1024w\" sizes=\"auto, (max-width: 1080px) 100vw, 1080px\" \/><\/p>\n<p>Para que se le env\u00ede un formulario de solicitud confidencial de investigaci\u00f3n, p\u00f3ngase en contacto con la oficina en el (717) 234-7911. Si dispone de impresora, puede descargar el formulario de Solicitud Confidencial de Investigaci\u00f3n disponible en la pesta\u00f1a \u00ab<a href=\"https:\/\/judicialconductboardofpa.org\/es\/presentar-una-denuncia\/\">Presentar una denuncia<\/a>\u00bb de este sitio web. Rellene el formulario, f\u00edrmelo y env\u00edelo por correo postal a:<\/p>\n<p>Junta de Conducta Judicial<br \/>\nCentro Judicial de Pensilvania<br \/>\n601 Commonwealth Avenue, Suite 3500<br \/>\nP.O. Box 62525<br \/>\nHarrisburg, PA 17106-2525<br \/>\n<!-- \n\n<h2>What is the Judicial Conduct Board of Pennsylvania?<\/h2>\n\n\nThe Judicial Conduct Board of Pennsylvania investigates allegations of ethical misconduct against Pennsylvania judges. If necessary, the Board prepares and brings cases against judges who are accused of unethical actions.\n\nThe Board has 12 members, all of whom must be Pennsylvania citizens. Three are judges, three are lawyers and six are non-lawyers. Half of the Board members are chosen by the Governor, the other half by the Pennsylvania Supreme Court. Members serve 4-year terms, without pay. They meet regularly to review complaints. <a href=\"how-the-board-operates\/\">Read more...<\/a>\n\n--><\/p>\n<p>Si necesitas ayuda con el idioma o si no puedes rellenar y\/o presentar una queja debido a una discapacidad f\u00edsica, ponte en contacto con la oficina en el (717) 234-7911. Para ver la pol\u00edtica ADA de la Junta de Conducta Judicial, ve a: <a href=\"https:\/\/judicialconductboardofpa.org\/wp-content\/uploads\/Judicial-Conduct-Boards-ADA-Policy-and-Forms.pdf\">Pol\u00edtica y Formularios ADA de la Junta de Conducta<\/a> Judicial.<\/p>\n<p>Para ver los casos actuales y pasados archivados en el Tribunal de Disciplina Judicial, vaya a: <a href=\"http:\/\/www.pacourts.us\/courts\/court-of-judicial-discipline\/court-cases\" target=\"_blank\" rel=\"noopener\" data-saferedirecturl=\"https:\/\/www.google.com\/url?q=http:\/\/www.pacourts.us\/courts\/court-of-judicial-discipline\/court-cases&amp;source=gmail&amp;ust=1594479970804000&amp;usg=AFQjCNFThtSUYE-uMuP2bhw8tpSgqB1pVw\">www.pacourts.us\/<wbr><\/wbr>courts\/court-of-judicial-<wbr><\/wbr>discipline\/court-cases<\/a>.<\/p>\n","protected":false},"excerpt":{"rendered":"<p>Para que se le env\u00ede un formulario de solicitud confidencial de investigaci\u00f3n, p\u00f3ngase en contacto con la oficina en el (717) 234-7911. Si dispone de impresora, puede descargar el formulario de Solicitud Confidencial de Investigaci\u00f3n disponible en la pesta\u00f1a \u00abPresentar una denuncia\u00bb de este sitio web. Rellene el formulario, f\u00edrmelo y env\u00edelo por correo postal [&hellip;]<\/p>\n","protected":false},"author":1,"featured_media":0,"parent":0,"menu_order":0,"comment_status":"closed","ping_status":"closed","template":"templates\/template-full-notitle.php","meta":{"footnotes":""},"class_list":["post-1624","page","type-page","status-publish","hentry","post"],"_links":{"self":[{"href":"https:\/\/judicialconductboardofpa.org\/es\/wp-json\/wp\/v2\/pages\/1624","targetHints":{"allow":["GET"]}}],"collection":[{"href":"https:\/\/judicialconductboardofpa.org\/es\/wp-json\/wp\/v2\/pages"}],"about":[{"href":"https:\/\/judicialconductboardofpa.org\/es\/wp-json\/wp\/v2\/types\/page"}],"author":[{"embeddable":true,"href":"https:\/\/judicialconductboardofpa.org\/es\/wp-json\/wp\/v2\/users\/1"}],"replies":[{"embeddable":true,"href":"https:\/\/judicialconductboardofpa.org\/es\/wp-json\/wp\/v2\/comments?post=1624"}],"version-history":[{"count":5,"href":"https:\/\/judicialconductboardofpa.org\/es\/wp-json\/wp\/v2\/pages\/1624\/revisions"}],"predecessor-version":[{"id":1919,"href":"https:\/\/judicialconductboardofpa.org\/es\/wp-json\/wp\/v2\/pages\/1624\/revisions\/1919"}],"wp:attachment":[{"href":"https:\/\/judicialconductboardofpa.org\/es\/wp-json\/wp\/v2\/media?parent=1624"}],"curies":[{"name":"wp","href":"https:\/\/api.w.org\/{rel}","templated":true}]}}