{"id":1633,"date":"2015-06-01T18:24:07","date_gmt":"2015-06-01T18:24:07","guid":{"rendered":"https:\/\/judicialconductboardofpa.org\/miembros-actuales-del-consejo\/"},"modified":"2025-07-29T19:32:14","modified_gmt":"2025-07-29T19:32:14","slug":"miembros-actuales-del-consejo","status":"publish","type":"page","link":"https:\/\/judicialconductboardofpa.org\/es\/miembros-actuales-del-consejo\/","title":{"rendered":"Miembros actuales del Consejo"},"content":{"rendered":"<p>Creado por enmienda constitucional en 1993, el Consejo de Conducta Judicial de Pensilvania es una organizaci\u00f3n estatal independiente responsable de revisar, investigar y, cuando procede, procesar las denuncias de mala conducta judicial. La Junta est\u00e1 compuesta por 12 ciudadanos de Pensilvania, seis nombrados por el Tribunal Supremo de Pensilvania y la otra mitad nombrada por el Gobernador, incluidos tres jueces, tres abogados y seis no abogados. No m\u00e1s de la mitad de los miembros del Consejo designados pueden pertenecer al mismo partido pol\u00edtico. Los miembros de la Junta designados cumplen mandatos de cuatro a\u00f1os sin sueldo y se re\u00fanen peri\u00f3dicamente para examinar las denuncias presentadas contra los jueces de Pensilvania.<\/p>\n<h2>Miembros designados por el Tribunal Supremo<\/h2>\n<table style=\"height: 259px;\" width=\"706\">\n<tbody>\n<tr>\n<td><strong>Miembro<\/strong><\/td>\n<td><strong>Tipo de afiliado<\/strong><\/td>\n<td><strong>Partido pol\u00edtico<\/strong><\/td>\n<td><strong>Fecha de expiraci\u00f3n del mandato<\/strong><\/td>\n<\/tr>\n<tr>\n<td>Hon. Susan P. Gantman<\/td>\n<td>Abogado Miembro<\/td>\n<td>Republicano<\/td>\n<td>08\/15\/2026<\/td>\n<\/tr>\n<tr>\n<td>Marie Conley<\/td>\n<td>Miembro Laico<\/td>\n<td>Republicana<\/td>\n<td>06\/13\/2027<\/td>\n<\/tr>\n<tr>\n<td>Hon. Alice Beck Dubow<\/td>\n<td>Juez Miembro<\/td>\n<td>Dem\u00f3crata<\/td>\n<td>08\/30\/2027<\/td>\n<\/tr>\n<tr>\n<td>Hon. William J. Kissner<\/td>\n<td>Juez de Primera Instancia Miembro<\/td>\n<td>Republicano<\/td>\n<td>03\/13\/2028<\/td>\n<\/tr>\n<tr>\n<td>William J. Joyce, Sr.<\/td>\n<td>Miembro Laico<\/td>\n<td>Dem\u00f3crata<\/td>\n<td>06\/19\/2028<\/td>\n<\/tr>\n<tr>\n<td>Reverendo Dr. Alyn E. Waller<\/td>\n<td>Miembro Laico<\/td>\n<td>Dem\u00f3crata<\/td>\n<td>11\/06\/2028<\/td>\n<\/tr>\n<\/tbody>\n<\/table>\n<h2>Miembros nombrados por el Gobernador<\/h2>\n<table style=\"height: 237px;\" width=\"704\">\n<tbody>\n<tr>\n<td><strong>Miembro<\/strong><\/td>\n<td><strong>Tipo de afiliado<\/strong><\/td>\n<td><strong>Partido pol\u00edtico<\/strong><\/td>\n<td><strong>Fecha de expiraci\u00f3n del mandato<\/strong><\/td>\n<\/tr>\n<tr>\n<td>Hon. Risa Vetri Ferman**<\/td>\n<td>Juez Miembro<\/td>\n<td>Independiente<\/td>\n<td>01\/25\/2026<\/td>\n<\/tr>\n<tr align=\"left\" valign=\"middle\">\n<td>Sudhir R. Patel, Abogado*.<\/td>\n<td>Abogado Miembro<\/td>\n<td>Republicano<\/td>\n<td>02\/07\/2026<\/td>\n<\/tr>\n<tr align=\"left\" valign=\"middle\">\n<td>Tara Mobley<\/td>\n<td>Miembro Laico<\/td>\n<td>Republicana<\/td>\n<td>11\/13\/2026<\/td>\n<\/tr>\n<tr>\n<td>Janine F. Macklin<\/td>\n<td>Miembro Laico<\/td>\n<td>Dem\u00f3crata<\/td>\n<td>05\/13\/2028<\/td>\n<\/tr>\n<tr align=\"left\" valign=\"middle\">\n<td>Joseph M. Brown<\/td>\n<td>Miembro Laico<\/td>\n<td>Republicano<\/td>\n<td>06\/02\/2028<\/td>\n<\/tr>\n<tr>\n<td><\/td>\n<td><\/td>\n<td><\/td>\n<td><\/td>\n<\/tr>\n<\/tbody>\n<\/table>\n<p><strong><span style=\"font-size: x-small;\">*Presidente electo ef. 7\/30\/25<\/span><\/strong><\/p>\n<p><strong><span style=\"font-size: x-small;\">**E<\/span><\/strong><strong><span style=\"font-size: x-small;\">lecto Vicepresidente ef. 7\/30\/25<\/span><\/strong><\/p>\n","protected":false},"excerpt":{"rendered":"<p>Creado por enmienda constitucional en 1993, el Consejo de Conducta Judicial de Pensilvania es una organizaci\u00f3n estatal independiente responsable de revisar, investigar y, cuando procede, procesar las denuncias de mala conducta judicial. La Junta est\u00e1 compuesta por 12 ciudadanos de Pensilvania, seis nombrados por el Tribunal Supremo de Pensilvania y la otra mitad nombrada por [&hellip;]<\/p>\n","protected":false},"author":1,"featured_media":0,"parent":0,"menu_order":0,"comment_status":"closed","ping_status":"closed","template":"templates\/template-full.php","meta":{"footnotes":""},"class_list":["post-1633","page","type-page","status-publish","hentry","post"],"_links":{"self":[{"href":"https:\/\/judicialconductboardofpa.org\/es\/wp-json\/wp\/v2\/pages\/1633","targetHints":{"allow":["GET"]}}],"collection":[{"href":"https:\/\/judicialconductboardofpa.org\/es\/wp-json\/wp\/v2\/pages"}],"about":[{"href":"https:\/\/judicialconductboardofpa.org\/es\/wp-json\/wp\/v2\/types\/page"}],"author":[{"embeddable":true,"href":"https:\/\/judicialconductboardofpa.org\/es\/wp-json\/wp\/v2\/users\/1"}],"replies":[{"embeddable":true,"href":"https:\/\/judicialconductboardofpa.org\/es\/wp-json\/wp\/v2\/comments?post=1633"}],"version-history":[{"count":7,"href":"https:\/\/judicialconductboardofpa.org\/es\/wp-json\/wp\/v2\/pages\/1633\/revisions"}],"predecessor-version":[{"id":1957,"href":"https:\/\/judicialconductboardofpa.org\/es\/wp-json\/wp\/v2\/pages\/1633\/revisions\/1957"}],"wp:attachment":[{"href":"https:\/\/judicialconductboardofpa.org\/es\/wp-json\/wp\/v2\/media?parent=1633"}],"curies":[{"name":"wp","href":"https:\/\/api.w.org\/{rel}","templated":true}]}}