{"id":1654,"date":"2015-06-01T19:23:21","date_gmt":"2015-06-01T19:23:21","guid":{"rendered":"https:\/\/judicialconductboardofpa.org\/informacion-de-contacto\/"},"modified":"2023-06-30T14:15:08","modified_gmt":"2023-06-30T14:15:08","slug":"informacion-de-contacto","status":"publish","type":"page","link":"https:\/\/judicialconductboardofpa.org\/es\/informacion-de-contacto\/","title":{"rendered":"Informaci\u00f3n de contacto"},"content":{"rendered":"\n<p>Pennsylvania Judicial Conduct Board<br\/>Commonwealth of Pennsylvania<br\/>601 Commonwealth Ave<br\/>Suite 3500<br\/>P.O. Box 62525<br\/>Harrisburg, PA 17106-2525<br\/>(717) 234-7911<\/p>\n\n<p>Correo electr\u00f3nico <a href=\"mailto:ContactUs@jcbpa.org\">ContactUs@jcbpa.org<\/a><\/p>\n\n<p>Para obtener informaci\u00f3n sobre c\u00f3mo presentar una denuncia ante la Junta, haga clic en el enlace<a href=\"https:\/\/judicialconductboardofpa.org\/es\/presentar-una-denuncia\/\">\u00abPresentar una denuncia<\/a>\u00ab. Todas las quejas deben presentarse por escrito. No se aceptar\u00e1n quejas o informaci\u00f3n relacionadas con litigios pendientes por <a href=\"mailto:ContactUs@jcbpa.org\">correo electr\u00f3nico,<\/a> fax o tel\u00e9fono.<\/p>\n\n<p><iframe loading=\"lazy\" style=\"border: 0px currentColor;\" src=\"https:\/\/www.google.com\/maps\/embed?pb=!1m18!1m12!1m3!1d3044.36760599488!2d-76.8822693208838!3d40.26758359509638!2m3!1f0!2f0!3f0!3m2!1i1024!2i768!4f13.1!3m3!1m2!1s0x89c8c119e8c35f1f%3A0x144b0fda6b44185f!2s601+Commonwealth+Ave+%233500%2C+Harrisburg%2C+PA+17120!5e0!3m2!1sen!2sus!4v1433790183553\" width=\"100%\" height=\"300\" frameborder=\"0\"><\/iframe><\/p>\n","protected":false},"excerpt":{"rendered":"<p>Pennsylvania Judicial Conduct BoardCommonwealth of Pennsylvania601 Commonwealth AveSuite 3500P.O. Box 62525Harrisburg, PA 17106-2525(717) 234-7911 Correo electr\u00f3nico ContactUs@jcbpa.org Para obtener informaci\u00f3n sobre c\u00f3mo presentar una denuncia ante la Junta, haga clic en el enlace\u00abPresentar una denuncia\u00ab. Todas las quejas deben presentarse por escrito. No se aceptar\u00e1n quejas o informaci\u00f3n relacionadas con litigios pendientes por correo electr\u00f3nico, [&hellip;]<\/p>\n","protected":false},"author":1,"featured_media":0,"parent":0,"menu_order":0,"comment_status":"closed","ping_status":"closed","template":"templates\/template-full.php","meta":{"footnotes":""},"class_list":["post-1654","page","type-page","status-publish","hentry","post"],"_links":{"self":[{"href":"https:\/\/judicialconductboardofpa.org\/es\/wp-json\/wp\/v2\/pages\/1654","targetHints":{"allow":["GET"]}}],"collection":[{"href":"https:\/\/judicialconductboardofpa.org\/es\/wp-json\/wp\/v2\/pages"}],"about":[{"href":"https:\/\/judicialconductboardofpa.org\/es\/wp-json\/wp\/v2\/types\/page"}],"author":[{"embeddable":true,"href":"https:\/\/judicialconductboardofpa.org\/es\/wp-json\/wp\/v2\/users\/1"}],"replies":[{"embeddable":true,"href":"https:\/\/judicialconductboardofpa.org\/es\/wp-json\/wp\/v2\/comments?post=1654"}],"version-history":[{"count":7,"href":"https:\/\/judicialconductboardofpa.org\/es\/wp-json\/wp\/v2\/pages\/1654\/revisions"}],"predecessor-version":[{"id":1785,"href":"https:\/\/judicialconductboardofpa.org\/es\/wp-json\/wp\/v2\/pages\/1654\/revisions\/1785"}],"wp:attachment":[{"href":"https:\/\/judicialconductboardofpa.org\/es\/wp-json\/wp\/v2\/media?parent=1654"}],"curies":[{"name":"wp","href":"https:\/\/api.w.org\/{rel}","templated":true}]}}