{"id":1657,"date":"2015-06-01T19:14:52","date_gmt":"2015-06-01T19:14:52","guid":{"rendered":"https:\/\/judicialconductboardofpa.org\/derecho-a-saber\/"},"modified":"2023-06-08T19:31:41","modified_gmt":"2023-06-08T19:31:41","slug":"derecho-a-saber","status":"publish","type":"page","link":"https:\/\/judicialconductboardofpa.org\/es\/derecho-a-saber\/","title":{"rendered":"Derecho a saber"},"content":{"rendered":"<p><strong><span style=\"text-decoration: underline;\">Responsable de Registros Abiertos<\/span><\/strong><br \/>\nElizabeth A. Hoffheins, Abogada<br \/>\nConsejo de Conducta Judicial<br \/>\n601 Avenida Commonwealth<br \/>\nApartado de correos 62525<br \/>\nHarrisburg, PA 17106<br \/>\nCorreo electr\u00f3nico: <a href=\"mailto:contactus@jcbpa.org\">contactus@jcbpa.org<\/a><\/p>\n<p><span style=\"text-decoration: underline;\"><strong>Funcionario de Recursos de Registros Abiertos<\/strong><\/span><br \/>\nJames P. Kleman, Jr. abogado<br \/>\nConsejo de Conducta Judicial<br \/>\n601 Avenida Commonwealth<br \/>\nApartado de correos 62525<br \/>\nHarrisburg, PA 17106<br \/>\nCorreo electr\u00f3nico: <a href=\"mailto:contactus@jcbpa.org\">contactus@jcbpa.org<\/a><\/p>\n<p>El Consejo de Conducta Judicial ha adoptado los siguientes formularios de la Oficina de Registros Abiertos:<\/p>\n<ul>\n<li><a href=\"\/wp-content\/uploads\/Form-UniformRequest.pdf\" target=\"_blank\" rel=\"noopener\">Formulario normalizado de solicitud del derecho a saber<\/a><\/li>\n<li><a href=\"\/wp-content\/uploads\/fee_structure.pdf\" target=\"_blank\" rel=\"noopener\">Estructura de las tasas<\/a><\/li>\n<\/ul>\n<p>Como organismo del poder judicial, la Junta debe cumplir estrictamente la Constituci\u00f3n de Pensilvania y las Normas de la Junta de Conducta Judicial relativas a la confidencialidad. El art\u00edculo V, secci\u00f3n 18(a)(8) de la Constituci\u00f3n de Pensilvania establece que \u00ablas denuncias presentadas ante la Junta\u00bb, as\u00ed como \u00ablas declaraciones, testimonios, documentos, registros u otra informaci\u00f3n o pruebas adquiridas por la Junta en el desarrollo de una investigaci\u00f3n no ser\u00e1n informaci\u00f3n p\u00fablica\u00bb y que \u00ab[t]odas las actuaciones de la Junta ser\u00e1n confidenciales\u00bb.<\/p>\n<p>Adem\u00e1s, seg\u00fan las normas que rigen la Junta, \u00abtoda la informaci\u00f3n y los procedimientos relativos a una denuncia y los registros de las deliberaciones de la Junta ser\u00e1n confidenciales.\u00bb Pa.J.C.B.R.P. No. 17. Las excepciones limitadas a la regla general de confidencialidad se establecen en la Regla 18. Pa.J.C.B.R. No. 18.<\/p>\n<p>Por \u00faltimo, en virtud de la Ley de Derecho a Saber (RTKL), algunos registros est\u00e1n exentos del acceso p\u00fablico. La secci\u00f3n 67.708(b)(17) establece que un registro de un organismo est\u00e1 \u00abexento del acceso de un solicitante\u00bb cuando se refiere a una investigaci\u00f3n no penal, incluyendo:<\/p>\n<p style=\"padding-left: 60px;\">(i) Quejas presentadas ante una agencia;<\/p>\n<p style=\"padding-left: 60px;\">(ii) Material de investigaci\u00f3n, notas, correspondencia e informes; y<\/p>\n<p style=\"padding-left: 60px;\">(iv) Un registro que incluya informaci\u00f3n considerada confidencial por ley.<\/p>\n<p>65 P.S. \u00a7 67.708(b)(17)(i), (ii) &amp; (iv).<\/p>\n<p>Las decisiones del Funcionario de Registros Abiertos pueden recurrirse de conformidad con el art\u00edculo 1101 de la RTKL (65 P.S. \u00a7 67.1101).<\/p>\n","protected":false},"excerpt":{"rendered":"<p>Responsable de Registros Abiertos Elizabeth A. Hoffheins, Abogada Consejo de Conducta Judicial 601 Avenida Commonwealth Apartado de correos 62525 Harrisburg, PA 17106 Correo electr\u00f3nico: contactus@jcbpa.org Funcionario de Recursos de Registros Abiertos James P. Kleman, Jr. abogado Consejo de Conducta Judicial 601 Avenida Commonwealth Apartado de correos 62525 Harrisburg, PA 17106 Correo electr\u00f3nico: contactus@jcbpa.org El Consejo [&hellip;]<\/p>\n","protected":false},"author":1,"featured_media":0,"parent":0,"menu_order":0,"comment_status":"closed","ping_status":"closed","template":"templates\/template-full.php","meta":{"footnotes":""},"class_list":["post-1657","page","type-page","status-publish","hentry","post"],"_links":{"self":[{"href":"https:\/\/judicialconductboardofpa.org\/es\/wp-json\/wp\/v2\/pages\/1657","targetHints":{"allow":["GET"]}}],"collection":[{"href":"https:\/\/judicialconductboardofpa.org\/es\/wp-json\/wp\/v2\/pages"}],"about":[{"href":"https:\/\/judicialconductboardofpa.org\/es\/wp-json\/wp\/v2\/types\/page"}],"author":[{"embeddable":true,"href":"https:\/\/judicialconductboardofpa.org\/es\/wp-json\/wp\/v2\/users\/1"}],"replies":[{"embeddable":true,"href":"https:\/\/judicialconductboardofpa.org\/es\/wp-json\/wp\/v2\/comments?post=1657"}],"version-history":[{"count":1,"href":"https:\/\/judicialconductboardofpa.org\/es\/wp-json\/wp\/v2\/pages\/1657\/revisions"}],"predecessor-version":[{"id":1661,"href":"https:\/\/judicialconductboardofpa.org\/es\/wp-json\/wp\/v2\/pages\/1657\/revisions\/1661"}],"wp:attachment":[{"href":"https:\/\/judicialconductboardofpa.org\/es\/wp-json\/wp\/v2\/media?parent=1657"}],"curies":[{"name":"wp","href":"https:\/\/api.w.org\/{rel}","templated":true}]}}