{"id":1669,"date":"2015-06-01T20:28:57","date_gmt":"2015-06-01T20:28:57","guid":{"rendered":"https:\/\/judicialconductboardofpa.org\/enlaces-sobre-conducta-judicial\/"},"modified":"2023-06-08T19:31:45","modified_gmt":"2023-06-08T19:31:45","slug":"enlaces-sobre-conducta-judicial","status":"publish","type":"page","link":"https:\/\/judicialconductboardofpa.org\/es\/enlaces-sobre-conducta-judicial\/","title":{"rendered":"Enlaces sobre conducta judicial"},"content":{"rendered":"<h2>Enlaces de Pensilvania<\/h2>\n<ul style=\"padding-left: 30px;\">\n<li><a href=\"http:\/\/www.state.pa.us\/\" target=\"_blank\" rel=\"noopener\">P\u00e1gina principal de la Commonwealth de Pensilvania<\/a><\/li>\n<li><a href=\"http:\/\/www.pacourts.us\/courts\/court-of-judicial-discipline\" target=\"_blank\" rel=\"noopener\">Tribunal de Disciplina Judicial<\/a><\/li>\n<li><a href=\"http:\/\/www.pacourts.us\/\">El Sistema Judicial Unificado de Pensilvania<\/a><\/li>\n<li><a href=\"http:\/\/www.pacourts.us\/courts\/superior-court\/\" target=\"_blank\" rel=\"noopener\">Tribunal Superior de Pensilvania<\/a><\/li>\n<li><a href=\"http:\/\/www.attorneygeneral.gov\/\" target=\"_blank\" rel=\"noopener\">Oficina del Fiscal General de Pensilvania<\/a><\/li>\n<li><a href=\"http:\/\/www.pbi.org\/\" target=\"_blank\" rel=\"noopener\">Instituto del Colegio de Abogados de Pensilvania<\/a><\/li>\n<li><a href=\"http:\/\/www.pabulletin.com\/\" target=\"_blank\" rel=\"noopener\">Bolet\u00edn de Pensilvania en l\u00ednea<\/a><\/li>\n<li><a href=\"http:\/\/www.pabar.org\/\" target=\"_blank\" rel=\"noopener\">Colegio de Abogados de Pensilvania<\/a><\/li>\n<li><a href=\"http:\/\/www.dgs.state.pa.us\/PAManual\/\" target=\"_blank\" rel=\"noopener\">Manual de Pensilvania<\/a><\/li>\n<li><a href=\"http:\/\/www.pacode.com\/secure\/data\/207\/chapter33\/chap33toc.html\" target=\"_blank\" rel=\"noopener\">C\u00f3digo de conducta (PDF)<\/a><\/li>\n<li><a href=\"http:\/\/www.ethics.state.pa.us\/portal\/server.pt\/community\/home\/8992\" target=\"_blank\" rel=\"noopener\">Comisi\u00f3n Estatal de \u00c9tica<\/a><\/li>\n<li><a href=\"http:\/\/www.pmconline.org\/\" target=\"_blank\" rel=\"noopener\">Pennsylvanians for Modern Courts<\/a><\/li>\n<li><a href=\"http:\/\/ethics.pacourts.us\/\" target=\"_blank\" rel=\"noopener\">Comit\u00e9 de \u00c9tica Judicial de la Conferencia de Jueces de Primera Instancia de Pensilvania<\/a><\/li>\n<li><a href=\"http:\/\/www.padb.us\/\" target=\"_blank\" rel=\"noopener\">El Consejo Disciplinario del Tribunal Supremo de Pensilvania<\/a><\/li>\n<\/ul>\n<h2>Enlaces<\/h2>\n<ul style=\"padding-left: 30px;\">\n<li><a href=\"http:\/\/www.uscourts.gov\/\" target=\"_blank\" rel=\"noopener\">Tribunal de Apelaci\u00f3n de EE.UU., Tercer Circuito (incluye Pensilvania)<\/a><\/li>\n<li><a href=\"http:\/\/www.ncsc.org\/cje\">Centro Nacional de Tribunales Estatales<\/a><\/li>\n<li><a href=\"http:\/\/www.ncsc.org\/Topics\/Judicial-Officers\/Ethics\/Center-for-Judicial-Ethics\/Judicial-Conduct-Reporter.aspx\" target=\"_blank\" rel=\"noopener\">Judicial Conduct Reporter (publicaci\u00f3n peri\u00f3dica)<\/a><\/li>\n<li><a href=\"http:\/\/www.law.cornell.edu\/topics\/judicial_ethics.html\" target=\"_blank\" rel=\"noopener\">Instituto de Informaci\u00f3n Jur\u00eddica, Universidad de Cornell<\/a><\/li>\n<li><a href=\"http:\/\/www.abanet.org\/\" target=\"_blank\" rel=\"noopener\">Asociaci\u00f3n Americana de Abogados<\/a><\/li>\n<li><a href=\"http:\/\/www.findlaw.com\/\" target=\"_blank\" rel=\"noopener\">FindLaw: \u00c9tica y Responsabilidad Profesional<\/a><\/li>\n<li><a href=\"http:\/\/www.uscourts.gov\/rulesandpolicies\/CodesOfConduct.aspx\" target=\"_blank\" rel=\"noopener\">Normas federales de conducta judicial<\/a><\/li>\n<\/ul>\n<h2>Enlaces internacionales<\/h2>\n<ul style=\"padding-left: 30px;\">\n<li><a href=\"http:\/\/www.cjc-ccm.gc.ca\/english\/index_en.asp\" target=\"_blank\" rel=\"noopener\">El Consejo Judicial Canadiense<\/a><\/li>\n<li><a href=\"https:\/\/aija.org.au\/publications-introduction\/guidelines\/guide-to-judicial-conduct\/\" target=\"_blank\" rel=\"noopener\">Instituto Australiano de Administraci\u00f3n Judicial &#8211; Gu\u00eda de conducta judicial<\/a><\/li>\n<li><a href=\"http:\/\/www.iaj-uim.org\/home\/\" target=\"_blank\" rel=\"noopener\">Asociaci\u00f3n Internacional de Jueces: La Carta Universal del Juez<\/a><\/li>\n<\/ul>\n<p>&nbsp;<\/p>\n<p>Sugerir un enlace: <a href=\"mailto:ContactUs@jcbpa.org\">ContactUs@jcbpa.org<\/a><\/p>\n","protected":false},"excerpt":{"rendered":"<p>Enlaces de Pensilvania P\u00e1gina principal de la Commonwealth de Pensilvania Tribunal de Disciplina Judicial El Sistema Judicial Unificado de Pensilvania Tribunal Superior de Pensilvania Oficina del Fiscal General de Pensilvania Instituto del Colegio de Abogados de Pensilvania Bolet\u00edn de Pensilvania en l\u00ednea Colegio de Abogados de Pensilvania Manual de Pensilvania C\u00f3digo de conducta (PDF) Comisi\u00f3n [&hellip;]<\/p>\n","protected":false},"author":1,"featured_media":0,"parent":0,"menu_order":0,"comment_status":"closed","ping_status":"closed","template":"templates\/template-full.php","meta":{"footnotes":""},"class_list":["post-1669","page","type-page","status-publish","hentry","post"],"_links":{"self":[{"href":"https:\/\/judicialconductboardofpa.org\/es\/wp-json\/wp\/v2\/pages\/1669","targetHints":{"allow":["GET"]}}],"collection":[{"href":"https:\/\/judicialconductboardofpa.org\/es\/wp-json\/wp\/v2\/pages"}],"about":[{"href":"https:\/\/judicialconductboardofpa.org\/es\/wp-json\/wp\/v2\/types\/page"}],"author":[{"embeddable":true,"href":"https:\/\/judicialconductboardofpa.org\/es\/wp-json\/wp\/v2\/users\/1"}],"replies":[{"embeddable":true,"href":"https:\/\/judicialconductboardofpa.org\/es\/wp-json\/wp\/v2\/comments?post=1669"}],"version-history":[{"count":1,"href":"https:\/\/judicialconductboardofpa.org\/es\/wp-json\/wp\/v2\/pages\/1669\/revisions"}],"predecessor-version":[{"id":1671,"href":"https:\/\/judicialconductboardofpa.org\/es\/wp-json\/wp\/v2\/pages\/1669\/revisions\/1671"}],"wp:attachment":[{"href":"https:\/\/judicialconductboardofpa.org\/es\/wp-json\/wp\/v2\/media?parent=1669"}],"curies":[{"name":"wp","href":"https:\/\/api.w.org\/{rel}","templated":true}]}}