{"id":1672,"date":"2015-06-01T20:24:14","date_gmt":"2015-06-01T20:24:14","guid":{"rendered":"https:\/\/judicialconductboardofpa.org\/presentar-una-denuncia\/"},"modified":"2023-06-08T19:31:46","modified_gmt":"2023-06-08T19:31:46","slug":"presentar-una-denuncia","status":"publish","type":"page","link":"https:\/\/judicialconductboardofpa.org\/es\/presentar-una-denuncia\/","title":{"rendered":"Presentar una denuncia"},"content":{"rendered":"<p>Cualquier persona puede presentar una denuncia gratuitamente. No se necesita abogado para presentar una denuncia contra un juez. La lectura de nuestro folleto le dar\u00e1 una visi\u00f3n general del funcionamiento del Consejo de Conducta Judicial y de los tipos de denuncias que podemos tramitar. No obstante, debe <a href=\"https:\/\/judicialconductboardofpa.org\/es\/preguntas-frecuentes\/\">revisar los tipos de alegaciones<\/a> que tendr\u00e1 en cuenta la Junta y no debe presentar quejas fr\u00edvolas. Es m\u00e1s, cualquiera que presente a sabiendas una denuncia falsa puede enfrentarse a cargos penales. Lea nuestro folleto antes de presentar una denuncia.<\/p>\n<p>Si necesita asistencia ling\u00fc\u00edstica o si no puede cumplimentar y\/o presentar una queja debido a una discapacidad f\u00edsica, p\u00f3ngase en contacto con la oficina en el (717) 234-7911.  <em>Si necesita asistencia ling\u00fc\u00edstica o se le imposibilita completar y\/o presentar un reclamo debido a una discapacidad f\u00edsica, comun\u00edquese con la oficina al (717) 234-7911.<\/em><\/p>\n<p><strong><a href=\"\/wp-content\/uploads\/848139_JCB_quadfold_brochure_proof.pdf\" target=\"_blank\" rel=\"noopener\">Folleto del Consejo de Conducta Judicial &#8211; \u00a1Haga clic aqu\u00ed!<\/a><\/strong><\/p>\n<h2>\u00bfQu\u00e9 se pide en la \u00abSolicitud Confidencial de Investigaci\u00f3n\u00bb?<\/h2>\n<p>Todas las denuncias deben identificar al juez contra el que se presenta la Solicitud Confidencial de Investigaci\u00f3n y especificar las alegaciones en las que se basa la solicitud. Si se trata de un caso judicial, se le pedir\u00e1 informaci\u00f3n relevante relacionada con el caso, como los nombres de los abogados de ambas partes. Tambi\u00e9n puede enviar a la Junta copias de los documentos que justifiquen sus alegaciones, pero no se le devolver\u00e1n. Para acelerar el proceso, es \u00fatil facilitar a la Junta toda la informaci\u00f3n posible.<\/p>\n<h2>\u00bfTengo que identificarme al presentar una denuncia?<\/h2>\n<p>No, pero se recomienda encarecidamente que lo haga. Aunque la Junta acepta denuncias an\u00f3nimas, son mucho m\u00e1s dif\u00edciles de investigar.<\/p>\n<h2>Presentar una denuncia por correo<\/h2>\n<p>Existen dos versiones de nuestro formulario de solicitud de investigaci\u00f3n. La primera versi\u00f3n es para Microsoft Word. Si tiene Microsoft Word, abra el formulario de reclamaci\u00f3n. A continuaci\u00f3n, puede rellenar la mayor parte (todo menos la fecha y la firma) del formulario en Word, imprimirlo, firmarlo y envi\u00e1rnoslo por correo. Si no dispone de Microsoft Word, utilice la versi\u00f3n para Adobe Acrobat. Esta versi\u00f3n debe abrirse, imprimirse, rellenarse, firmarse y enviarse por correo. *Todas las quejas deben presentarse por escrito. No se atender\u00e1n reclamaciones por tel\u00e9fono ni por internet.<\/p>\n<p><strong><a href=\"https:\/\/judicialconductboardofpa.org\/wp-content\/uploads\/WORD-CRI.docx\">Formulario de reclamaci\u00f3n &#8211; \u00a1Haga clic aqu\u00ed!<\/a>  (Microsoft Word)<\/strong><\/p>\n<p><strong><a href=\"https:\/\/judicialconductboardofpa.org\/wp-content\/uploads\/CRI-pdf.pdf\" target=\"_blank\" rel=\"noopener\">Formulario de reclamaci\u00f3n &#8211; \u00a1Haga clic aqu\u00ed!<\/a>  (Adobe Acrobat)<\/strong><\/p>\n<p><strong>Nuestra direcci\u00f3n postal es<\/strong><br \/>\nConsejo de Conducta Judicial<br \/>\nCentro Judicial de Pensilvania<br \/>\n601 Commonwealth Ave, Suite 3500<br \/>\nApartado de correos 62525<br \/>\nHarrisburg, Pa 17106-2525<\/p>\n","protected":false},"excerpt":{"rendered":"<p>Cualquier persona puede presentar una denuncia gratuitamente. No se necesita abogado para presentar una denuncia contra un juez. La lectura de nuestro folleto le dar\u00e1 una visi\u00f3n general del funcionamiento del Consejo de Conducta Judicial y de los tipos de denuncias que podemos tramitar. No obstante, debe revisar los tipos de alegaciones que tendr\u00e1 en [&hellip;]<\/p>\n","protected":false},"author":1,"featured_media":0,"parent":0,"menu_order":0,"comment_status":"closed","ping_status":"closed","template":"templates\/template-full.php","meta":{"footnotes":""},"class_list":["post-1672","page","type-page","status-publish","hentry","post"],"_links":{"self":[{"href":"https:\/\/judicialconductboardofpa.org\/es\/wp-json\/wp\/v2\/pages\/1672","targetHints":{"allow":["GET"]}}],"collection":[{"href":"https:\/\/judicialconductboardofpa.org\/es\/wp-json\/wp\/v2\/pages"}],"about":[{"href":"https:\/\/judicialconductboardofpa.org\/es\/wp-json\/wp\/v2\/types\/page"}],"author":[{"embeddable":true,"href":"https:\/\/judicialconductboardofpa.org\/es\/wp-json\/wp\/v2\/users\/1"}],"replies":[{"embeddable":true,"href":"https:\/\/judicialconductboardofpa.org\/es\/wp-json\/wp\/v2\/comments?post=1672"}],"version-history":[{"count":1,"href":"https:\/\/judicialconductboardofpa.org\/es\/wp-json\/wp\/v2\/pages\/1672\/revisions"}],"predecessor-version":[{"id":1674,"href":"https:\/\/judicialconductboardofpa.org\/es\/wp-json\/wp\/v2\/pages\/1672\/revisions\/1674"}],"wp:attachment":[{"href":"https:\/\/judicialconductboardofpa.org\/es\/wp-json\/wp\/v2\/media?parent=1672"}],"curies":[{"name":"wp","href":"https:\/\/api.w.org\/{rel}","templated":true}]}}